{"id":1081,"date":"2017-03-05T15:46:37","date_gmt":"2017-03-05T14:46:37","guid":{"rendered":"http:\/\/www.barbeyrolles.com\/importateurs\/"},"modified":"2024-03-08T13:49:36","modified_gmt":"2024-03-08T12:49:36","slug":"importateurs","status":"publish","type":"page","link":"https:\/\/www.barbeyrolles.com\/en\/importateurs\/","title":{"rendered":"IMPORTATEURS"},"content":{"rendered":"<p>[vc_row full_width=&#8221;stretch_row_content_no_spaces&#8221; css=&#8221;.vc_custom_1499156285639{margin-bottom: 20px !important;}&#8221;][vc_column][vc_single_image image=&#8221;1523&#8243; img_size=&#8221;full&#8221;][\/vc_column][\/vc_row][vc_row css=&#8221;.vc_custom_1499156308116{margin-top: 20px !important;padding-bottom: 20px !important;}&#8221;][vc_column][vc_custom_heading text=&#8221;Distribution&#8221; font_container=&#8221;tag:h1|font_size:30|text_align:center|color:%234d4641&#8243; google_fonts=&#8221;font_family:Libre%20Baskerville%3Aregular%2Citalic%2C700|font_style:400%20italic%3A400%3Aitalic&#8221; css=&#8221;.vc_custom_1499156190976{margin-bottom: 10px !important;}&#8221;][vc_separator color=&#8221;custom&#8221; el_width=&#8221;10&#8243; accent_color=&#8221;#e3d5c1&#8243; css=&#8221;.vc_custom_1499157738169{margin-bottom: 20px !important;}&#8221;][vc_column_text]<\/p>\n<p style=\"text-align: center;\">Discover the list of our importers on the five continents. For partnership requests, please send directly an email to : contact@barbeyrolles.com<\/p>\n<p>[\/vc_column_text][\/vc_column][\/vc_row][vc_row css=&#8221;.vc_custom_1488725791978{padding-top: 20px !important;padding-bottom: 20px !important;}&#8221;][vc_column][vc_custom_heading text=&#8221;EUROPE&#8221; font_container=&#8221;tag:h1|font_size:30|text_align:center|color:%234d4641&#8243; use_theme_fonts=&#8221;yes&#8221; css=&#8221;.vc_custom_1499157753938{margin-bottom: 10px !important;padding-bottom: px !important;}&#8221; el_class=&#8221;font-bold&#8221;][vc_separator color=&#8221;custom&#8221; el_width=&#8221;10&#8243; accent_color=&#8221;#e3d5c1&#8243; css=&#8221;.vc_custom_1496230767640{margin-bottom: 20px !important;}&#8221;][\/vc_column][\/vc_row][vc_row css=&#8221;.vc_custom_1499156878729{padding-bottom: 20px !important;}&#8221;][vc_column width=&#8221;1\/3&#8243;][vc_column_text]<\/p>\n<div class=\"fourcol\">\n<div id=\"text_1\" class=\" \" data-editable-type=\"text\" data-force-html-mode=\"false\" data-content-module-unique-id=\"\">\n<p><strong>Germany<\/strong><\/p>\n<p><strong>VLG Grossverbraucherdienst Sudwest<\/strong><\/p>\n<p>Stra\u00dfe des 13. Januar 9 &#8211; 13 &#8211; 66121 Saarbr\u00fccken &#8211; Allemagne<\/p>\n<p>Tel:+ 49 681 68709-0<\/p>\n<p><a href=\"https:\/\/www.vlggvd.de\/\">www.velggvd.de<\/a><\/p>\n<\/div>\n<\/div>\n<p>[\/vc_column_text][\/vc_column][vc_column width=&#8221;1\/3&#8243;][vc_column_text]<\/p>\n<div class=\"fourcol\">\n<div id=\"text_2\" class=\" \" data-editable-type=\"text\" data-force-html-mode=\"false\" data-content-module-unique-id=\"\">\n<p><strong>Germany<\/strong><\/p>\n<p><strong>Unser Weinladen<\/strong><\/p>\n<p>In der Sandkaul 53- 66822 Lebach<\/p>\n<p>Tel:\u00a0Tel: 0 6881 \/ 99 111<\/p>\n<p><a href=\"https:\/\/www.unserweinladen.de\/\">www.unserweinladen.de<\/a><\/p>\n<\/div>\n<\/div>\n<p>[\/vc_column_text][\/vc_column][vc_column width=&#8221;1\/3&#8243;][vc_column_text]<\/p>\n<div class=\"fourcol last\">\n<div id=\"text_3\" class=\" \" data-editable-type=\"text\" data-force-html-mode=\"false\" data-content-module-unique-id=\"\">\n<p><b>Germany<br \/>\nLes Amis du Vin<br \/>\n<\/b>Klenzestr. 54 &#8211; 80469 M\u00dcNCHEN &#8211; Germany<br \/>\nPhone: +49-(0)89-23076177<br \/>\nwein@lesamisduvin.de<br \/>\n<a href=\"https:\/\/www.lesamisduvin.de\/?SID=7oj4tlt15ti59k8gftf40795c0\" target=\"_blank\" rel=\"noopener noreferrer\">lesamisduvin.de<\/a><\/p>\n<\/div>\n<\/div>\n<p>[\/vc_column_text][\/vc_column][\/vc_row][vc_row css=&#8221;.vc_custom_1488726199479{padding-bottom: 20px !important;}&#8221;][vc_column width=&#8221;1\/3&#8243;][vc_column_text]<b>Baleares Ibiza<br \/>\nNobe Life SL<br \/>\n<\/b>la carretera ibiza eulalia 32<br \/>\n7840 Santa Eulalia Del Rio -Spain[\/vc_column_text][\/vc_column][vc_column width=&#8221;1\/3&#8243;][vc_column_text]<\/p>\n<div class=\"fourcol\">\n<div id=\"text_1\" class=\" \" data-editable-type=\"text\" data-force-html-mode=\"false\" data-content-module-unique-id=\"\">\n<p><b>Belgium<\/b><br \/>\n<b>Velu Vins SA<br \/>\n<\/b>19 rue de la Bienvenue<br \/>\n1070 Bruxelles &#8211; Belgique<br \/>\nTel : +32.25.20.60.68<br \/>\n<a href=\"http:\/\/www.veluvins.be\/\" data-link-value=\"http:\/\/www.veluvins.be\/\" data-link-type=\"external\">www.veluvins.be<\/a><\/p>\n<\/div>\n<\/div>\n<p>[\/vc_column_text][\/vc_column][vc_column width=&#8221;1\/3&#8243;][vc_column_text]<b>\u00a0<\/b><b>Danemark<br \/>\nPhilipson Wine<\/b><br \/>\nKokkedal Industripark 10<br \/>\n2980 Kokkedal<br \/>\n<a href=\"http:\/\/www.philipsonwine.com\/\" data-link-value=\"http:\/\/www.philipsonwine.com\/\" data-link-type=\"external\">www.philipsonwine.com<\/a>[\/vc_column_text][\/vc_column][\/vc_row][vc_row css=&#8221;.vc_custom_1488726205837{padding-bottom: 20px !important;}&#8221;][vc_column width=&#8221;1\/3&#8243;][vc_column_text]<\/p>\n<div class=\"fourcol last\">\n<div id=\"text_3\" class=\" \" data-editable-type=\"text\" data-force-html-mode=\"false\" data-content-module-unique-id=\"\">\n<p><b>Bulgaria<br \/>\nVayk Wines Ead<br \/>\n<\/b>Iskarsko Shausse 7<br \/>\n1528 Sofia &#8211;\u00a0Bulgaria<br \/>\n<a href=\"http:\/\/www.vaykwines.com\/\" data-link-value=\"http:\/\/www.vaykwines.com\/\" data-link-type=\"external\">www.vaykwines.com<\/a><\/p>\n<\/div>\n<\/div>\n<p>[\/vc_column_text][\/vc_column][vc_column width=&#8221;1\/3&#8243;][vc_column_text]<b>Spain<br \/>\nNobe Life SL<br \/>\n<\/b>la carretera ibiza eulalia 32<br \/>\n7840 Santa Eulalia Del Rio -Spain<b><br \/>\n<\/b>[\/vc_column_text][\/vc_column][vc_column width=&#8221;1\/3&#8243;][vc_column_text]<b>Portugal<br \/>\nBlood Wines<br \/>\n<\/b>Relax recipe unipessoal LDA<br \/>\nTravessa das merces N 22B- 1200-269 Lisbonne<\/p>\n<p>Tel:+351 927 602 577<br \/>\n<a href=\"https:\/\/www.facebook.com\/BloodWinesLisbon\/\">https:\/\/www.facebook.com\/BloodWinesLisbon<\/a>[\/vc_column_text][\/vc_column][\/vc_row][vc_row css=&#8221;.vc_custom_1488726214269{padding-bottom: 20px !important;}&#8221;][vc_column width=&#8221;1\/3&#8243;][vc_column_text]<b>Netherland<br \/>\nLe Vin en Direct<br \/>\n<\/b>Langestraat 56, 7491 AH Delden<br \/>\nPostbus 26, 7490 AA Delden<br \/>\n<a href=\"http:\/\/www.vinee.nl\/\" data-link-value=\"http:\/\/www.vinee.nl\/\" data-link-type=\"external\">www.vin-direct.nl<\/a><br \/>\n<a href=\"mailto:sales@vin-direct.nl\">sales@vin-direct.nl<\/a>[\/vc_column_text][\/vc_column][vc_column width=&#8221;1\/3&#8243;][vc_column_text]<\/p>\n<div class=\"fourcol\">\n<div id=\"text_2\" class=\" \" data-editable-type=\"text\" data-force-html-mode=\"false\" data-content-module-unique-id=\"\">\n<p><b>Greece<br \/>\nDeals<br \/>\n<\/b>124 rue Lonias \u2013 GR136 71<br \/>\nAcharnai &#8211; Ath\u00e8nes &#8211; Gr\u00e8ce<br \/>\ntel : +30 210 232 12 12<br \/>\n<a href=\"http:\/\/www.deals.com.gr\/\" data-link-value=\"http:\/\/www.deals.com.gr\/\" data-link-type=\"external\">www.deals.com.gr<\/a><\/p>\n<\/div>\n<\/div>\n<p>[\/vc_column_text][\/vc_column][vc_column width=&#8221;1\/3&#8243;][vc_column_text]<\/p>\n<div class=\"fourcol last\">\n<div id=\"text_3\" class=\" \" data-editable-type=\"text\" data-force-html-mode=\"false\" data-content-module-unique-id=\"\">\n<p><b>Italy<br \/>\nPellegrini S.p.A.<br \/>\n<\/b>Via Mazzini, 43<br \/>\nI \u2013 24034 Cisano Bergamasco (BG)<br \/>\nTel : +39. 035.781010<br \/>\n<a href=\"mailto:info@pellegrinispa.net\">info@pellegrinispa.net<\/a><br \/>\n<a href=\"http:\/\/www.pellegrinispa.net\/\">www.pellegrinispa.net<\/a><\/p>\n<\/div>\n<\/div>\n<p>[\/vc_column_text][\/vc_column][\/vc_row][vc_row css=&#8221;.vc_custom_1488726220379{padding-bottom: 20px !important;}&#8221;][vc_column width=&#8221;1\/3&#8243;][vc_column_text]<\/p>\n<div class=\"fourcol\">\n<div id=\"text_1\" class=\" \" data-editable-type=\"text\" data-force-html-mode=\"false\" data-content-module-unique-id=\"\">\n<p><b>Luxembourg<br \/>\nBernard Massard<br \/>\n<\/b>6-8 rue du Pont \u2013 BP 136701 Grevenmacher s\/ Moselle Luxembourg<br \/>\nTel : +352 75 05 45 1<br \/>\n<a href=\"http:\/\/www.bernard-massard.lu\/\" data-link-value=\"http:\/\/www.bernard-massard.lu\/\" data-link-type=\"external\">www.bernard-massard.lu<\/a><\/p>\n<\/div>\n<\/div>\n<p>[\/vc_column_text][\/vc_column][vc_column width=&#8221;1\/3&#8243;][vc_column_text]<\/p>\n<div class=\"fourcol\">\n<div id=\"text_1\" class=\" \" data-editable-type=\"text\" data-force-html-mode=\"false\" data-content-module-unique-id=\"\">\n<p><b>Malta<br \/>\nLa Viniculture<br \/>\n<\/b>228 Triq manwel Dimech tas-Sliema, SLM 1055<b><br \/>\n<\/b><abbr title=\"Phone\">Tel :<\/abbr>\u00a0+356 2713 2883<br \/>\n<a href=\"http:\/\/www.bernard-massard.lu\/\" data-link-value=\"http:\/\/www.bernard-massard.lu\/\" data-link-type=\"external\">info@laviniculture.com <\/a><\/p>\n<\/div>\n<\/div>\n<p>[\/vc_column_text][\/vc_column][vc_column width=&#8221;1\/3&#8243;][vc_column_text]<b>Suisse<\/b><br \/>\n<b>La Vinoth\u00e8que\u00a0\u2013 ch<\/b><br \/>\nRue des Sabli\u00e8res 5, 1242 Satigny<br \/>\n<a href=\"https:\/\/www.la-vinotheque.ch\/\">https:\/\/www.la-vinotheque.ch\/<\/a>[\/vc_column_text][\/vc_column][\/vc_row][vc_row css=&#8221;.vc_custom_1488726226832{padding-bottom: 20px !important;}&#8221;][vc_column width=&#8221;1\/3&#8243;][vc_column_text]<\/p>\n<div class=\"fourcol\">\n<div id=\"text_1\" class=\" \" data-editable-type=\"text\" data-force-html-mode=\"false\" data-content-module-unique-id=\"\">\n<p><b>United Kingdom<br \/>\nCORNEY &amp; BARROW LTD<\/b><br \/>\n1 Thomas More Street<br \/>\nLondon E1W 1YZ<br \/>\nTel : +44 (0)20 7265 2430<br \/>\n<a href=\"http:\/\/www.corneyandbarrow.com\/\" data-link-value=\"http:\/\/www.corneyandbarrow.com\/\" data-link-type=\"external\">www.corneyandbarrow.com<\/a><\/p>\n<\/div>\n<\/div>\n<p>[\/vc_column_text][\/vc_column][vc_column width=&#8221;1\/3&#8243;][vc_column_text]<\/p>\n<div class=\"_4ORMAT_content_page_row _4ormat_sort_item _4ORMAT_module_text_05\" data-content-module-id=\"2208899\" data-content-module-unique-id=\"\" data-content-module-removable=\"true\" data-content-module-category=\"\">\n<div class=\"fourcol\">\n<div id=\"text_2\" class=\" \" data-editable-type=\"text\" data-force-html-mode=\"false\" data-content-module-unique-id=\"\">\n<p><b>Russia<br \/>\nDP Trade<\/b><br \/>\nNizhegorodskaya Street 29-33<br \/>\nMoscow 109052 \u2013 Russie<br \/>\nTel : +7 495 937 9460\/+7 495 937 3209<br \/>\n<a href=\"http:\/\/www.wine-dp-trade.ru\/\" data-link-value=\"http:\/\/www.wine-dp-trade.ru\/\" data-link-type=\"external\">www.wine-dp-trade.ru<\/a><\/p>\n<\/div>\n<\/div>\n<\/div>\n<p>[\/vc_column_text][\/vc_column][\/vc_row][vc_row css=&#8221;.vc_custom_1488725791978{padding-top: 20px !important;padding-bottom: 20px !important;}&#8221;][vc_column][vc_custom_heading text=&#8221;CANADA &amp; USA&#8221; font_container=&#8221;tag:h1|font_size:30|text_align:center|color:%234d4641&#8243; use_theme_fonts=&#8221;yes&#8221; css=&#8221;.vc_custom_1657958599047{margin-bottom: 10px !important;}&#8221; el_class=&#8221;font-bold&#8221;][vc_separator color=&#8221;custom&#8221; el_width=&#8221;10&#8243; accent_color=&#8221;#e3d5c1&#8243; css=&#8221;.vc_custom_1496230767640{margin-bottom: 20px !important;}&#8221;][\/vc_column][\/vc_row][vc_row css=&#8221;.vc_custom_1488726822337{padding-bottom: 20px !important;}&#8221;][vc_column width=&#8221;1\/3&#8243;][vc_column_text]<\/p>\n<div class=\"fourcol\">\n<div id=\"text_1\" class=\" \" data-editable-type=\"text\" data-force-html-mode=\"false\" data-content-module-unique-id=\"\">\n<p><b>Canada (Ontario)<br \/>\nLiquor Control Board Of Ontario<\/b><br \/>\n55 lake Shore blvd E.<br \/>\nToronto\u00a0ME5 1 A4<br \/>\n<a href=\"http:\/\/www.lcbo.com\/\" data-link-value=\"http:\/\/www.lcbo.com\/\" data-link-type=\"external\">www.lcbo.com<\/a><\/p>\n<\/div>\n<\/div>\n<p>[\/vc_column_text][\/vc_column][vc_column width=&#8221;1\/3&#8243;][vc_column_text]<b>Canada\u00a0(Montr\u00e9al)<br \/>\nSoci\u00e9t\u00e9 des Alcools du Qu\u00e9bec<br \/>\n<\/b>905 avenue de Lorimier Montr\u00e9al,<br \/>\nQu\u00e9bec H2K 3V9 Canada<br \/>\n<a href=\"http:\/\/www.saq.com\/\" data-link-value=\"http:\/\/www.saq.com\/\" data-link-type=\"external\">www.saq.com<\/a>[\/vc_column_text][\/vc_column][vc_column width=&#8221;1\/3&#8243;][vc_column_text]<\/p>\n<div class=\"fourcol last\">\n<div id=\"text_3\" class=\" \" data-editable-type=\"text\" data-force-html-mode=\"false\" data-content-module-unique-id=\"\">\n<p><b>USA (New York)<br \/>\n<\/b><b><\/b><\/p>\n<p><b>Frederic Wildman &amp; Sons LTD<\/b><br \/>\n111 Boradway &#8211; Suite 1102- NY 10006 New York-USA<br \/>\nTel:1-800-RED-WINE<br \/>\n<a href=\"https:\/\/www.frederickwildman.com\/\">https:\/\/www.frederickwildman.com<\/a><\/p>\n<p>Online shop\u00a0<a href=\"https:\/\/www.wine.com\/\">https:\/\/www.wine.com\/<\/a><\/p>\n<\/div>\n<\/div>\n<p>[\/vc_column_text][\/vc_column][\/vc_row][vc_row css=&#8221;.vc_custom_1488725791978{padding-top: 20px !important;padding-bottom: 20px !important;}&#8221;][vc_column][vc_custom_heading text=&#8221;AFRICA &amp; MIDDLE-EAST&#8221; font_container=&#8221;tag:h1|font_size:30|text_align:center|color:%234d4641&#8243; use_theme_fonts=&#8221;yes&#8221; css=&#8221;.vc_custom_1657959512767{margin-bottom: 10px !important;}&#8221; el_class=&#8221;font-bold&#8221;][vc_separator color=&#8221;custom&#8221; el_width=&#8221;10&#8243; accent_color=&#8221;#e3d5c1&#8243; css=&#8221;.vc_custom_1496230767640{margin-bottom: 20px !important;}&#8221;][\/vc_column][\/vc_row][vc_row css=&#8221;.vc_custom_1488726822337{padding-bottom: 20px !important;}&#8221;][vc_column width=&#8221;1\/3&#8243;][vc_column_text][\/vc_column_text][\/vc_column][vc_column width=&#8221;1\/3&#8243;][vc_column_text][\/vc_column_text][\/vc_column][vc_column width=&#8221;1\/3&#8243;][\/vc_column][\/vc_row][vc_row css=&#8221;.vc_custom_1488725791978{padding-top: 20px !important;padding-bottom: 20px !important;}&#8221;][vc_column][vc_custom_heading text=&#8221;ASIA&#8221; font_container=&#8221;tag:h1|font_size:30|text_align:center|color:%234d4641&#8243; use_theme_fonts=&#8221;yes&#8221; css=&#8221;.vc_custom_1657959525366{margin-bottom: 10px !important;}&#8221; el_class=&#8221;font-bold&#8221;][vc_separator color=&#8221;custom&#8221; el_width=&#8221;10&#8243; accent_color=&#8221;#e3d5c1&#8243; css=&#8221;.vc_custom_1496230767640{margin-bottom: 20px !important;}&#8221;][\/vc_column][\/vc_row][vc_row css=&#8221;.vc_custom_1488726822337{padding-bottom: 20px !important;}&#8221;][vc_column width=&#8221;1\/3&#8243;][vc_column_text]<b>Japan<br \/>\nVinorum<br \/>\n<\/b>10F 1-15-4 Ginza Chuo-ku Tokyo 104-0061 Japan<br \/>\nTel +81-3-3562-1616<br \/>\n<a href=\"https:\/\/vinorum.jp\/\">www.vinorum.jp<\/a>[\/vc_column_text][\/vc_column][vc_column width=&#8221;1\/3&#8243;][vc_column_text]<b>Malaisia<br \/>\nAlexis Group<br \/>\n<\/b>33 Jalan Tempinis 1Lucky Garden Bangsar 59100 Kuala Lumpur \u2013 Malaisie<br \/>\nTel \u00a0:+60 03 2284 2881[\/vc_column_text][\/vc_column][vc_column width=&#8221;1\/3&#8243;][vc_column_text]<\/p>\n<div class=\"fourcol last\">\n<div id=\"text_3\" class=\" \" data-editable-type=\"text\" data-force-html-mode=\"false\" data-content-module-unique-id=\"\">\n<p><b>Thailand<br \/>\nItalasia Electro Co Ltd<br \/>\n<\/b>\u00a0ltd30th fl.253 Asoke Road(Sukhumvit) Klongtoey nua10110 Wattana<br \/>\nBangkok\u00a0Thailand<br \/>\nTel : +66.2.261.77.78<br \/>\n<a href=\"http:\/\/www.italasiagroup.com\/\" data-link-value=\"http:\/\/www.italasiagroup.com\/\" data-link-type=\"external\">www.italasiagroup.com<\/a><\/p>\n<\/div>\n<\/div>\n<p>[\/vc_column_text][\/vc_column][\/vc_row][vc_row css=&#8221;.vc_custom_1488726822337{padding-bottom: 20px !important;}&#8221;][vc_column width=&#8221;1\/3&#8243;][vc_column_text]<b>Singapore<br \/>\nThe Vintage Club<br \/>\n<\/b>49 Jlan Pemimpin-Aps industrial building 01-13-577203 Singapore<br \/>\nTel <a class=\"\" href=\"https:\/\/goo.gl\/maps\/12RtofkDYP72wCw79\">8511 2972<\/a><br \/>\n<a href=\"https:\/\/thevintageclub.sg\/\">www.thevintageclub.sg<\/a>[\/vc_column_text][\/vc_column][vc_column width=&#8221;1\/3&#8243;][vc_column_text][\/vc_column_text][\/vc_column][vc_column width=&#8221;1\/3&#8243;][vc_column_text][\/vc_column_text][\/vc_column][\/vc_row][vc_row css=&#8221;.vc_custom_1488725791978{padding-top: 20px !important;padding-bottom: 20px !important;}&#8221;][vc_column][vc_custom_heading text=&#8221;CARIBBEAN ISLANDS&#8221; font_container=&#8221;tag:h1|font_size:30|text_align:center|color:%234d4641&#8243; use_theme_fonts=&#8221;yes&#8221; css=&#8221;.vc_custom_1657959574071{margin-bottom: 10px !important;}&#8221; el_class=&#8221;font-bold&#8221;][vc_separator color=&#8221;custom&#8221; el_width=&#8221;10&#8243; accent_color=&#8221;#e3d5c1&#8243; css=&#8221;.vc_custom_1496230767640{margin-bottom: 20px !important;}&#8221;][\/vc_column][\/vc_row][vc_row css=&#8221;.vc_custom_1488726822337{padding-bottom: 20px !important;}&#8221;][vc_column width=&#8221;1\/3&#8243;][vc_column_text]<b>Puerto Rico<br \/>\nBodegas Compostela<\/b><br \/>\nAvenida Condado 106<br \/>\nPR00907 San Juan Porto Rico<br \/>\nTel : 00.1.787.724.6088[\/vc_column_text][\/vc_column][vc_column width=&#8221;1\/3&#8243;][vc_column_text]<\/p>\n<div class=\"fourcol\">\n<div id=\"text_2\" class=\" \" data-editable-type=\"text\" data-force-html-mode=\"false\" data-content-module-unique-id=\"\">\n<p><b>Bahamas<br \/>\nThe Bristol Group of Company<br \/>\n<\/b>Gladstone Road P.O. Box<br \/>\nN-131 Nassau, N.P. The Bahamas<br \/>\nT\u00e9l : +1.242.341.93.00<br \/>\n<a href=\"http:\/\/www.bristrolbahamas.com\/\" data-link-value=\"http:\/\/www.bristrolbahamas.com\/\" data-link-type=\"external\">www.bristrolbahamas.com<\/a><\/p>\n<\/div>\n<\/div>\n<p>[\/vc_column_text][\/vc_column][vc_column width=&#8221;1\/3&#8243;][vc_column_text]<\/p>\n<div class=\"fourcol last\">\n<div id=\"text_3\" class=\" \" data-editable-type=\"text\" data-force-html-mode=\"false\" data-content-module-unique-id=\"\">\n<p><b>Guadeloupe (St Barth)<br \/>\nLa Cave du Port Franc<\/b><br \/>\nBP 118 &#8211; 97098<br \/>\nSaint\u00a0Barth\u00e9l\u00e9my<br \/>\nTel : +33 05 90 27 65 27<br \/>\n<a href=\"http:\/\/www.lacaveduportfranc.com\/\" data-link-value=\"http:\/\/www.lacaveduportfranc.com\/\" data-link-type=\"external\">www.lacaveduportfranc.com<\/a><\/p>\n<\/div>\n<\/div>\n<p>[\/vc_column_text][\/vc_column][\/vc_row][vc_row css=&#8221;.vc_custom_1488725791978{padding-top: 20px !important;padding-bottom: 20px !important;}&#8221;][vc_column][vc_custom_heading text=&#8221;OCEANIA&#8221; font_container=&#8221;tag:h1|font_size:30|text_align:center|color:%234d4641&#8243; use_theme_fonts=&#8221;yes&#8221; css=&#8221;.vc_custom_1657959622911{margin-bottom: 10px !important;}&#8221; el_class=&#8221;font-bold&#8221;][vc_separator color=&#8221;custom&#8221; el_width=&#8221;10&#8243; accent_color=&#8221;#e3d5c1&#8243; css=&#8221;.vc_custom_1499157481009{margin-bottom: 20px !important;padding-bottom: 20px !important;}&#8221;][\/vc_column][\/vc_row][vc_row css=&#8221;.vc_custom_1488726822337{padding-bottom: 20px !important;}&#8221;][vc_column width=&#8221;1\/3&#8243;][vc_column_text]<b>Australia<\/b><br \/>\n<strong>Luxury Beverage Group PTY LTD<\/strong><br \/>\nLevel 10-67 Castelreagh street<br \/>\nNSW 2000 Sydney<br \/>\nTel : +61 2 8011 1549<\/p>\n<p><a href=\"https:\/\/www.luxurybeveragegroup.com\/\">https:\/\/www.luxurybeveragegroup.com<\/a>[\/vc_column_text][\/vc_column][vc_column width=&#8221;1\/3&#8243;][vc_column_text]<b>R\u00e9union Island<\/b><br \/>\n<strong>La Joly Cave<\/strong><br \/>\n6 angle de la rue macabit<br \/>\n97434 La Saline les Bains &#8211; La Reunion<br \/>\nTel : +262 262 27 52 17[\/vc_column_text][\/vc_column][vc_column width=&#8221;1\/3&#8243;][vc_column_text]<\/p>\n<div class=\"fourcol last\">\n<div id=\"text_3\" class=\" \" data-editable-type=\"text\" data-force-html-mode=\"false\" data-content-module-unique-id=\"\">\n<p><b>Mauricius Island<br \/>\nGrays<\/b><br \/>\nBeau Plan<br \/>\nPamplemousses &#8211; Ile Maurice<br \/>\nTel : +230.209.3000<br \/>\n<a href=\"http:\/\/www.grays.mu\/\" data-link-value=\"http:\/\/www.grays.mu\/\" data-link-type=\"external\">www.grays.mu<\/a><\/p>\n<\/div>\n<\/div>\n<p>[\/vc_column_text][\/vc_column][\/vc_row][vc_row css=&#8221;.vc_custom_1488726822337{padding-bottom: 20px !important;}&#8221;][vc_column width=&#8221;1\/3&#8243;][vc_column_text]<b>New Zealand<br \/>\nMaison Vauron<\/b><br \/>\n5 Mc Coll StreetNewmarket1023<br \/>\nAuckland &#8211; Nouvelle Z\u00e9lande<br \/>\nTel : + 64.952.90.157<br \/>\n<a href=\"http:\/\/www.mvauron.co.nz\/\" data-link-value=\"http:\/\/www.mvauron.co.nz\/\" data-link-type=\"external\">www.mvauron.co.nz<\/a>[\/vc_column_text][\/vc_column][vc_column width=&#8221;1\/3&#8243;][vc_column_text][\/vc_column_text][\/vc_column][vc_column width=&#8221;1\/3&#8243;][vc_column_text][\/vc_column_text][\/vc_column][\/vc_row]<\/p>\n","protected":false},"excerpt":{"rendered":"<p>[vc_row full_width=&#8221;stretch_row_content_no_spaces&#8221; css=&#8221;.vc_custom_1499156285639{margin-bottom: 20px !important;}&#8221;][vc_column][vc_single_image image=&#8221;1523&#8243; img_size=&#8221;full&#8221;][\/vc_column][\/vc_row][vc_row css=&#8221;.vc_custom_1499156308116{margin-top: 20px !important;padding-bottom: 20px !important;}&#8221;][vc_column][vc_custom_heading text=&#8221;Distribution&#8221; font_container=&#8221;tag:h1|font_size:30|text_align:center|color:%234d4641&#8243; google_fonts=&#8221;font_family:Libre%20Baskerville%3Aregular%2Citalic%2C700|font_style:400%20italic%3A400%3Aitalic&#8221; css=&#8221;.vc_custom_1499156190976{margin-bottom: 10px !important;}&#8221;][vc_separator color=&#8221;custom&#8221; el_width=&#8221;10&#8243; accent_color=&#8221;#e3d5c1&#8243; css=&#8221;.vc_custom_1499157738169{margin-bottom: 20px !important;}&#8221;][vc_column_text] Discover the list of our importers on the five continents. For partnership requests, please send directly an email to : contact@barbeyrolles.com [\/vc_column_text][\/vc_column][\/vc_row][vc_row css=&#8221;.vc_custom_1488725791978{padding-top: 20px !important;padding-bottom: 20px !important;}&#8221;][vc_column][vc_custom_heading text=&#8221;EUROPE&#8221; font_container=&#8221;tag:h1|font_size:30|text_align:center|color:%234d4641&#8243; use_theme_fonts=&#8221;yes&#8221; css=&#8221;.vc_custom_1499157753938{margin-bottom: [&hellip;]<\/p>\n","protected":false},"author":1,"featured_media":0,"parent":0,"menu_order":0,"comment_status":"closed","ping_status":"closed","template":"template-home.php","meta":[],"aioseo_notices":[],"_links":{"self":[{"href":"https:\/\/www.barbeyrolles.com\/en\/wp-json\/wp\/v2\/pages\/1081"}],"collection":[{"href":"https:\/\/www.barbeyrolles.com\/en\/wp-json\/wp\/v2\/pages"}],"about":[{"href":"https:\/\/www.barbeyrolles.com\/en\/wp-json\/wp\/v2\/types\/page"}],"author":[{"embeddable":true,"href":"https:\/\/www.barbeyrolles.com\/en\/wp-json\/wp\/v2\/users\/1"}],"replies":[{"embeddable":true,"href":"https:\/\/www.barbeyrolles.com\/en\/wp-json\/wp\/v2\/comments?post=1081"}],"version-history":[{"count":24,"href":"https:\/\/www.barbeyrolles.com\/en\/wp-json\/wp\/v2\/pages\/1081\/revisions"}],"predecessor-version":[{"id":3038,"href":"https:\/\/www.barbeyrolles.com\/en\/wp-json\/wp\/v2\/pages\/1081\/revisions\/3038"}],"wp:attachment":[{"href":"https:\/\/www.barbeyrolles.com\/en\/wp-json\/wp\/v2\/media?parent=1081"}],"curies":[{"name":"wp","href":"https:\/\/api.w.org\/{rel}","templated":true}]}}